{"id":594,"date":"2021-03-12T23:26:41","date_gmt":"2021-03-12T22:26:41","guid":{"rendered":"https:\/\/svensksegway.se\/?post_type=product&#038;p=594"},"modified":"2022-04-02T09:24:51","modified_gmt":"2022-04-02T08:24:51","slug":"ninebot-by-segway-kickscooter-max-g30p","status":"publish","type":"product","link":"https:\/\/svensksegway.se\/?product=ninebot-by-segway-kickscooter-max-g30p","title":{"rendered":"Ninebot by Segway Kickscooter MAX G30P"},"content":{"rendered":"<p><a href=\"https:\/\/svensksegway.se\/wp-content\/uploads\/2021\/03\/ninebot-by-segway-elscooter-max-g30d.jpg\"><img loading=\"lazy\" decoding=\"async\" class=\"alignnone size-medium wp-image-595\" src=\"https:\/\/svensksegway.se\/wp-content\/uploads\/2021\/03\/ninebot-by-segway-elscooter-max-g30d-267x300.jpg\" alt=\"\" width=\"267\" height=\"300\" srcset=\"https:\/\/svensksegway.se\/wp-content\/uploads\/2021\/03\/ninebot-by-segway-elscooter-max-g30d-267x300.jpg 267w, https:\/\/svensksegway.se\/wp-content\/uploads\/2021\/03\/ninebot-by-segway-elscooter-max-g30d-600x675.jpg 600w, https:\/\/svensksegway.se\/wp-content\/uploads\/2021\/03\/ninebot-by-segway-elscooter-max-g30d-910x1024.jpg 910w, https:\/\/svensksegway.se\/wp-content\/uploads\/2021\/03\/ninebot-by-segway-elscooter-max-g30d-768x864.jpg 768w, https:\/\/svensksegway.se\/wp-content\/uploads\/2021\/03\/ninebot-by-segway-elscooter-max-g30d-1365x1536.jpg 1365w, https:\/\/svensksegway.se\/wp-content\/uploads\/2021\/03\/ninebot-by-segway-elscooter-max-g30d.jpg 1777w\" sizes=\"(max-width: 267px) 100vw, 267px\" \/><\/a><a href=\"https:\/\/svensksegway.se\/wp-content\/uploads\/2021\/03\/G30_Close-up-Product-picture_3-scaled.jpg\"><img loading=\"lazy\" decoding=\"async\" class=\"alignnone size-medium wp-image-596\" src=\"https:\/\/svensksegway.se\/wp-content\/uploads\/2021\/03\/G30_Close-up-Product-picture_3-300x200.jpg\" alt=\"\" width=\"300\" height=\"200\" srcset=\"https:\/\/svensksegway.se\/wp-content\/uploads\/2021\/03\/G30_Close-up-Product-picture_3-300x200.jpg 300w, https:\/\/svensksegway.se\/wp-content\/uploads\/2021\/03\/G30_Close-up-Product-picture_3-scaled-600x400.jpg 600w, https:\/\/svensksegway.se\/wp-content\/uploads\/2021\/03\/G30_Close-up-Product-picture_3-1024x683.jpg 1024w, https:\/\/svensksegway.se\/wp-content\/uploads\/2021\/03\/G30_Close-up-Product-picture_3-768x512.jpg 768w, https:\/\/svensksegway.se\/wp-content\/uploads\/2021\/03\/G30_Close-up-Product-picture_3-1536x1024.jpg 1536w, https:\/\/svensksegway.se\/wp-content\/uploads\/2021\/03\/G30_Close-up-Product-picture_3-2048x1365.jpg 2048w\" sizes=\"(max-width: 300px) 100vw, 300px\" \/><\/a> <a href=\"https:\/\/svensksegway.se\/wp-content\/uploads\/2021\/03\/G30_Lifestyle_Man_Paris_1-scaled.jpg\"><img loading=\"lazy\" decoding=\"async\" class=\"alignnone size-medium wp-image-597\" src=\"https:\/\/svensksegway.se\/wp-content\/uploads\/2021\/03\/G30_Lifestyle_Man_Paris_1-300x200.jpg\" alt=\"\" width=\"300\" height=\"200\" srcset=\"https:\/\/svensksegway.se\/wp-content\/uploads\/2021\/03\/G30_Lifestyle_Man_Paris_1-300x200.jpg 300w, https:\/\/svensksegway.se\/wp-content\/uploads\/2021\/03\/G30_Lifestyle_Man_Paris_1-scaled-600x401.jpg 600w, https:\/\/svensksegway.se\/wp-content\/uploads\/2021\/03\/G30_Lifestyle_Man_Paris_1-1024x684.jpg 1024w, https:\/\/svensksegway.se\/wp-content\/uploads\/2021\/03\/G30_Lifestyle_Man_Paris_1-768x513.jpg 768w, https:\/\/svensksegway.se\/wp-content\/uploads\/2021\/03\/G30_Lifestyle_Man_Paris_1-1536x1025.jpg 1536w, https:\/\/svensksegway.se\/wp-content\/uploads\/2021\/03\/G30_Lifestyle_Man_Paris_1-2048x1367.jpg 2048w\" sizes=\"(max-width: 300px) 100vw, 300px\" \/><\/a> <a href=\"https:\/\/svensksegway.se\/wp-content\/uploads\/2021\/03\/G30_Product-picture_7-scaled.jpg\"><img loading=\"lazy\" decoding=\"async\" class=\"alignnone size-medium wp-image-598\" src=\"https:\/\/svensksegway.se\/wp-content\/uploads\/2021\/03\/G30_Product-picture_7-200x300.jpg\" alt=\"\" width=\"200\" height=\"300\" srcset=\"https:\/\/svensksegway.se\/wp-content\/uploads\/2021\/03\/G30_Product-picture_7-200x300.jpg 200w, https:\/\/svensksegway.se\/wp-content\/uploads\/2021\/03\/G30_Product-picture_7-scaled-600x900.jpg 600w, https:\/\/svensksegway.se\/wp-content\/uploads\/2021\/03\/G30_Product-picture_7-683x1024.jpg 683w, https:\/\/svensksegway.se\/wp-content\/uploads\/2021\/03\/G30_Product-picture_7-768x1152.jpg 768w, https:\/\/svensksegway.se\/wp-content\/uploads\/2021\/03\/G30_Product-picture_7-1024x1536.jpg 1024w, https:\/\/svensksegway.se\/wp-content\/uploads\/2021\/03\/G30_Product-picture_7-1365x2048.jpg 1365w, https:\/\/svensksegway.se\/wp-content\/uploads\/2021\/03\/G30_Product-picture_7-scaled.jpg 1707w\" sizes=\"(max-width: 200px) 100vw, 200px\" \/><\/a><\/p>\n","protected":false},"excerpt":{"rendered":"<p>Max G30P \u00e4r v\u00e5r absoluta toppmodell och den starkaste och kraftigaste elektriska skotern vi n\u00e5gonsin har tillverkat! G30P \u00e4r t\u00e4nkt f\u00f6r l\u00e5ngturspendlaren och byggd f\u00f6r b\u00e5de asfalt och l\u00e4tt terr\u00e4ng, d\u00e5 den enkelt klarar sm\u00e5sten och hela 20% stigning.<\/p>\n<p>De stora pneumatiska, slangl\u00f6sa d\u00e4cken ger dig en speciellt komfortabel k\u00f6rning. D\u00e4cken \u00e4r utrustade med ett extra gel\u00e9lager p\u00e5 insidan f\u00f6r att motverka punkteringar.<\/p>\n<p>G30P \u00e4r utrustad med framljus och bakljus samt trumbroms fram och en extra elektronisk broms bak, som fungerar \u00e4ven om trumbromsens kabel skulle f\u00f6rs\u00e4ttas ur funktion.<\/p>\n<p>Det inbyggda Energy Recovery Systemet ser till, att all energi utnyttjas och Smart Battery Management<\/p>\n<p>Systemet s\u00e4kerst\u00e4ller optimalt utnyttjande av batteriet.<\/p>\n<p>IPX5-rating skyddar din G30P i regnv\u00e4der.<\/p>\n<p>Observera att detta \u00e4r G30P modellen som g\u00e5r i 30 km\/h ist\u00e4llet f\u00f6r 25 km\/h som f\u00f6r G30 modellen.<\/p>\n<ul>\n<li>Max G30P<\/li>\n<li>\u00c5lder 15+<\/li>\n<li>Topphastighet 30 km\/h<\/li>\n<li>R\u00e4ckvidd Upp till 65 km<\/li>\n<li>Max. stigning 20 %<\/li>\n<li>Max. belastning 100 kg<\/li>\n<li>F\u00f6rarens l\u00e4ngd 120-200 cm<\/li>\n<li>St\u00f6td\u00e4mpare Nej<\/li>\n<li>Ljus Fram och bak (1,5 W)<\/li>\n<li>Inst\u00e4llninger Eco \/ Drive \/ Sport \/ Fotg\u00e4ngare<\/li>\n<li>Uppladningstid 6 timmar<\/li>\n<li>Motorkraft 350W nominell \/ 700 max.<\/li>\n<li>Batteri 551 Wh<\/li>\n<li>D\u00e4ck Pneumatiska, slangl\u00f6sa<\/li>\n<li>Bromsar Trumma + elektronisk<\/li>\n<li>Vikt 19 kg<\/li>\n<li>Dimensioner H 1130 x B 430 x L 1020mm<\/li>\n<li>Underlag Asfalt, trottoar<\/li>\n<li>IP-rating IPX5<\/li>\n<\/ul>\n","protected":false},"featured_media":598,"comment_status":"closed","ping_status":"closed","template":"","meta":{"_exactmetrics_skip_tracking":false,"_exactmetrics_sitenote_active":false,"_exactmetrics_sitenote_note":"","_exactmetrics_sitenote_category":0},"product_cat":[35],"product_tag":[],"_links":{"self":[{"href":"https:\/\/svensksegway.se\/index.php?rest_route=\/wp\/v2\/product\/594"}],"collection":[{"href":"https:\/\/svensksegway.se\/index.php?rest_route=\/wp\/v2\/product"}],"about":[{"href":"https:\/\/svensksegway.se\/index.php?rest_route=\/wp\/v2\/types\/product"}],"replies":[{"embeddable":true,"href":"https:\/\/svensksegway.se\/index.php?rest_route=%2Fwp%2Fv2%2Fcomments&post=594"}],"wp:featuredmedia":[{"embeddable":true,"href":"https:\/\/svensksegway.se\/index.php?rest_route=\/wp\/v2\/media\/598"}],"wp:attachment":[{"href":"https:\/\/svensksegway.se\/index.php?rest_route=%2Fwp%2Fv2%2Fmedia&parent=594"}],"wp:term":[{"taxonomy":"product_cat","embeddable":true,"href":"https:\/\/svensksegway.se\/index.php?rest_route=%2Fwp%2Fv2%2Fproduct_cat&post=594"},{"taxonomy":"product_tag","embeddable":true,"href":"https:\/\/svensksegway.se\/index.php?rest_route=%2Fwp%2Fv2%2Fproduct_tag&post=594"}],"curies":[{"name":"wp","href":"https:\/\/api.w.org\/{rel}","templated":true}]}}