{"id":496,"date":"2017-03-27T05:02:13","date_gmt":"2017-03-27T04:02:13","guid":{"rendered":"https:\/\/svensksegway.se\/?post_type=product&#038;p=496"},"modified":"2017-03-27T05:02:13","modified_gmt":"2017-03-27T04:02:13","slug":"segsign-frame-stabilizer-x2","status":"publish","type":"product","link":"https:\/\/svensksegway.se\/?product=segsign-frame-stabilizer-x2","title":{"rendered":"SegSign &#8211; Frame Stabilizer X2"},"content":{"rendered":"","protected":false},"excerpt":{"rendered":"<p>Platta som f\u00f6rst\u00e4rker h\u00e5llaren till Segway X2. Obligatoriskt tillbeh\u00f6r f\u00f6r Smart Bracket.<\/p>\n","protected":false},"featured_media":497,"comment_status":"closed","ping_status":"closed","template":"","meta":{"_exactmetrics_skip_tracking":false,"_exactmetrics_sitenote_active":false,"_exactmetrics_sitenote_note":"","_exactmetrics_sitenote_category":0},"product_cat":[34],"product_tag":[],"_links":{"self":[{"href":"https:\/\/svensksegway.se\/index.php?rest_route=\/wp\/v2\/product\/496"}],"collection":[{"href":"https:\/\/svensksegway.se\/index.php?rest_route=\/wp\/v2\/product"}],"about":[{"href":"https:\/\/svensksegway.se\/index.php?rest_route=\/wp\/v2\/types\/product"}],"replies":[{"embeddable":true,"href":"https:\/\/svensksegway.se\/index.php?rest_route=%2Fwp%2Fv2%2Fcomments&post=496"}],"wp:featuredmedia":[{"embeddable":true,"href":"https:\/\/svensksegway.se\/index.php?rest_route=\/wp\/v2\/media\/497"}],"wp:attachment":[{"href":"https:\/\/svensksegway.se\/index.php?rest_route=%2Fwp%2Fv2%2Fmedia&parent=496"}],"wp:term":[{"taxonomy":"product_cat","embeddable":true,"href":"https:\/\/svensksegway.se\/index.php?rest_route=%2Fwp%2Fv2%2Fproduct_cat&post=496"},{"taxonomy":"product_tag","embeddable":true,"href":"https:\/\/svensksegway.se\/index.php?rest_route=%2Fwp%2Fv2%2Fproduct_tag&post=496"}],"curies":[{"name":"wp","href":"https:\/\/api.w.org\/{rel}","templated":true}]}}